{"id":37897,"date":"2022-01-27T18:30:51","date_gmt":"2022-01-27T17:30:51","guid":{"rendered":"https:\/\/ronfross.art\/?post_type=product&#038;p=37897"},"modified":"2025-04-29T12:28:21","modified_gmt":"2025-04-29T10:28:21","slug":"matin-du-monde-photo","status":"publish","type":"product","link":"https:\/\/ronfross.art\/en\/product\/matin-du-monde-photo\/","title":{"rendered":"Morning of the World"},"content":{"rendered":"<div class=\"fusion-fullwidth fullwidth-box fusion-builder-row-1 fusion-flex-container has-pattern-background has-mask-background fusion-parallax-fixed hundred-percent-fullwidth non-hundred-percent-height-scrolling lazyload\" style=\"--awb-border-sizes-top:0px;--awb-border-sizes-bottom:0px;--awb-border-sizes-left:0px;--awb-border-sizes-right:0px;--awb-border-color:rgba(81,98,119,0.4);--awb-border-radius-top-left:0px;--awb-border-radius-top-right:0px;--awb-border-radius-bottom-right:0px;--awb-border-radius-bottom-left:0px;--awb-padding-top:18%;--awb-padding-right:0px;--awb-padding-bottom:18%;--awb-padding-left:0px;--awb-padding-top-medium:30%;--awb-padding-right-medium:0px;--awb-padding-bottom-medium:30%;--awb-padding-left-medium:0px;--awb-padding-right-small:0px;--awb-padding-left-small:0px;--awb-background-color:#1a1c1e;--awb-background-size:cover;--awb-flex-wrap:wrap;background-attachment:fixed;\" data-bg=\"https:\/\/ronfross.art\/wp-content\/uploads\/2022\/01\/matin-du-monde-cadre.jpg\" ><div class=\"fusion-builder-row fusion-row fusion-flex-align-items-flex-start fusion-flex-content-wrap\" style=\"width:104% !important;max-width:104% !important;margin-left: calc(-4% \/ 2 );margin-right: calc(-4% \/ 2 );\"><div class=\"fusion-layout-column fusion_builder_column fusion-builder-column-0 fusion_builder_column_1_1 1_1 fusion-flex-column\" style=\"--awb-padding-top-medium:3%;--awb-padding-bottom-medium:3%;--awb-bg-color:rgba(0,0,0,0.5);--awb-bg-color-hover:rgba(0,0,0,0.5);--awb-bg-size:cover;--awb-filter:opacity(0%) blur(20px);--awb-filter-transition:filter 0.3s ease;--awb-filter-hover:opacity(100%) blur(0px);--awb-width-large:100%;--awb-margin-top-large:0px;--awb-spacing-right-large:1.92%;--awb-margin-bottom-large:0px;--awb-spacing-left-large:1.92%;--awb-width-medium:100%;--awb-order-medium:0;--awb-spacing-right-medium:1.92%;--awb-spacing-left-medium:1.92%;--awb-width-small:100%;--awb-order-small:0;--awb-spacing-right-small:1.92%;--awb-spacing-left-small:1.92%;\"><div class=\"fusion-column-wrapper fusion-column-has-shadow fusion-flex-justify-content-flex-start fusion-content-layout-column\"><\/div><\/div><\/div><\/div>","protected":false},"excerpt":{"rendered":"<p><span style=\"color: #9c9a9a;\">Ch\u00e2teau de Rue, Fribourg, Suisse<\/span><\/p>\n<ul class=\"fa-ul\">\n<li><i class=\"fa-li fa-certificate fas\"><\/i><span class=\"custom-limited-edition\">Limited Edition: 9 copies<\/span><\/li>\n<\/ul>\n<ul class=\"fa-ul\">\n<li><i class=\"fa-li fa-pen-nib fas\"><\/i><span class=\"custom-limited-edition\">Edition Sign\u00e9e par l\u2019Artiste<\/span><\/li>\n<\/ul>\n<ul class=\"fa-ul\">\n<li><i class=\"fa-li fa-camera fas\"><\/i><span class=\"custom-limited-edition\">Collection: <\/span><\/li>\n<\/ul>","protected":false},"featured_media":37906,"template":"","meta":{"_acf_changed":false},"product_brand":[],"product_cat":[21],"product_tag":[],"class_list":{"0":"post-37897","1":"product","2":"type-product","3":"status-publish","4":"has-post-thumbnail","6":"product_cat-non-classe","8":"first","9":"instock","10":"taxable","11":"shipping-taxable","12":"purchasable","13":"product-type-variable","14":"has-default-attributes"},"acf":[],"yoast_head":"<!-- This site is optimized with the Yoast SEO plugin v27.3 - https:\/\/yoast.com\/product\/yoast-seo-wordpress\/ -->\n<title>Matin du Monde - Ch\u00e2teau de Rue au dessus des brumes, Suisse<\/title>\n<meta name=\"description\" content=\"Photo du c\u00e9l\u00e8bre Ch\u00e2teau de Rue au matin du monde, isol\u00e9 sur son \u00eele au dessus des nuages. Une photographie panoramique disponible \u00e0 la vente\" \/>\n<meta name=\"robots\" content=\"index, follow, max-snippet:-1, max-image-preview:large, max-video-preview:-1\" \/>\n<link rel=\"canonical\" href=\"https:\/\/ronfross.art\/en\/product\/matin-du-monde-photo\/\" \/>\n<meta property=\"og:locale\" content=\"en_GB\" \/>\n<meta property=\"og:type\" content=\"article\" \/>\n<meta property=\"og:title\" content=\"Comme une envie de voyages\" \/>\n<meta property=\"og:description\" content=\"Photo du c\u00e9l\u00e8bre Ch\u00e2teau de Rue au matin du monde, isol\u00e9 sur son \u00eele au dessus des nuages. Une photographie panoramique disponible \u00e0 la vente\" \/>\n<meta property=\"og:url\" content=\"https:\/\/ronfross.art\/en\/product\/matin-du-monde-photo\/\" \/>\n<meta property=\"og:site_name\" content=\"Ron Fross Art &amp; Photographie\" \/>\n<meta property=\"article:modified_time\" content=\"2025-04-29T10:28:21+00:00\" \/>\n<meta property=\"og:image\" content=\"https:\/\/ronfross.art\/wp-content\/uploads\/2021\/03\/john-ford-point-sans.jpg\" \/>\n\t<meta property=\"og:image:width\" content=\"1400\" \/>\n\t<meta property=\"og:image:height\" content=\"467\" \/>\n\t<meta property=\"og:image:type\" content=\"image\/jpeg\" \/>\n<script type=\"application\/ld+json\" class=\"yoast-schema-graph\">{\"@context\":\"https:\\\/\\\/schema.org\",\"@graph\":[{\"@type\":\"WebPage\",\"@id\":\"https:\\\/\\\/ronfross.art\\\/produit\\\/matin-du-monde-photo\\\/\",\"url\":\"https:\\\/\\\/ronfross.art\\\/produit\\\/matin-du-monde-photo\\\/\",\"name\":\"Matin du Monde - Ch\u00e2teau de Rue au dessus des brumes, Suisse\",\"isPartOf\":{\"@id\":\"https:\\\/\\\/ronfross.art\\\/#website\"},\"primaryImageOfPage\":{\"@id\":\"https:\\\/\\\/ronfross.art\\\/produit\\\/matin-du-monde-photo\\\/#primaryimage\"},\"image\":{\"@id\":\"https:\\\/\\\/ronfross.art\\\/produit\\\/matin-du-monde-photo\\\/#primaryimage\"},\"thumbnailUrl\":\"https:\\\/\\\/ronfross.art\\\/wp-content\\\/uploads\\\/2022\\\/01\\\/chateau-rue-sans.jpg\",\"datePublished\":\"2022-01-27T17:30:51+00:00\",\"dateModified\":\"2025-04-29T10:28:21+00:00\",\"description\":\"Photo du c\u00e9l\u00e8bre Ch\u00e2teau de Rue au matin du monde, isol\u00e9 sur son \u00eele au dessus des nuages. Une photographie panoramique disponible \u00e0 la vente\",\"breadcrumb\":{\"@id\":\"https:\\\/\\\/ronfross.art\\\/produit\\\/matin-du-monde-photo\\\/#breadcrumb\"},\"inLanguage\":\"en-GB\",\"potentialAction\":[{\"@type\":\"ReadAction\",\"target\":[\"https:\\\/\\\/ronfross.art\\\/produit\\\/matin-du-monde-photo\\\/\"]}]},{\"@type\":\"ImageObject\",\"inLanguage\":\"en-GB\",\"@id\":\"https:\\\/\\\/ronfross.art\\\/produit\\\/matin-du-monde-photo\\\/#primaryimage\",\"url\":\"https:\\\/\\\/ronfross.art\\\/wp-content\\\/uploads\\\/2022\\\/01\\\/chateau-rue-sans.jpg\",\"contentUrl\":\"https:\\\/\\\/ronfross.art\\\/wp-content\\\/uploads\\\/2022\\\/01\\\/chateau-rue-sans.jpg\",\"width\":1200,\"height\":400,\"caption\":\"Ch\u00e2teau de Rue, Gl\u00e2ne (FR)\"},{\"@type\":\"BreadcrumbList\",\"@id\":\"https:\\\/\\\/ronfross.art\\\/produit\\\/matin-du-monde-photo\\\/#breadcrumb\",\"itemListElement\":[{\"@type\":\"ListItem\",\"position\":1,\"name\":\"Accueil\",\"item\":\"https:\\\/\\\/ronfross.art\\\/\"},{\"@type\":\"ListItem\",\"position\":2,\"name\":\"La boutique\",\"item\":\"https:\\\/\\\/ronfross.art\\\/shop\\\/\"},{\"@type\":\"ListItem\",\"position\":3,\"name\":\"Matin du Monde\"}]},{\"@type\":\"WebSite\",\"@id\":\"https:\\\/\\\/ronfross.art\\\/#website\",\"url\":\"https:\\\/\\\/ronfross.art\\\/\",\"name\":\"Ron Fross Art &amp; Photographie\",\"description\":\"Voyages &amp; tirages photos in\u00e9dits\",\"publisher\":{\"@id\":\"https:\\\/\\\/ronfross.art\\\/#\\\/schema\\\/person\\\/56bbcf9bae842bf458b8d9fa8d9308d2\"},\"potentialAction\":[{\"@type\":\"SearchAction\",\"target\":{\"@type\":\"EntryPoint\",\"urlTemplate\":\"https:\\\/\\\/ronfross.art\\\/?s={search_term_string}\"},\"query-input\":{\"@type\":\"PropertyValueSpecification\",\"valueRequired\":true,\"valueName\":\"search_term_string\"}}],\"inLanguage\":\"en-GB\"},{\"@type\":[\"Person\",\"Organization\"],\"@id\":\"https:\\\/\\\/ronfross.art\\\/#\\\/schema\\\/person\\\/56bbcf9bae842bf458b8d9fa8d9308d2\",\"name\":\"Ronald Frossard\",\"logo\":{\"@id\":\"https:\\\/\\\/ronfross.art\\\/#\\\/schema\\\/person\\\/image\\\/\"},\"sameAs\":[\"https:\\\/\\\/ronfross.art\"]}]}<\/script>\n<!-- \/ Yoast SEO plugin. -->","yoast_head_json":{"title":"Matin du Monde - Ch\u00e2teau de Rue au dessus des brumes, Suisse","description":"Photo du c\u00e9l\u00e8bre Ch\u00e2teau de Rue au matin du monde, isol\u00e9 sur son \u00eele au dessus des nuages. Une photographie panoramique disponible \u00e0 la vente","robots":{"index":"index","follow":"follow","max-snippet":"max-snippet:-1","max-image-preview":"max-image-preview:large","max-video-preview":"max-video-preview:-1"},"canonical":"https:\/\/ronfross.art\/en\/product\/matin-du-monde-photo\/","og_locale":"en_GB","og_type":"article","og_title":"Comme une envie de voyages","og_description":"Photo du c\u00e9l\u00e8bre Ch\u00e2teau de Rue au matin du monde, isol\u00e9 sur son \u00eele au dessus des nuages. Une photographie panoramique disponible \u00e0 la vente","og_url":"https:\/\/ronfross.art\/en\/product\/matin-du-monde-photo\/","og_site_name":"Ron Fross Art &amp; Photographie","article_modified_time":"2025-04-29T10:28:21+00:00","og_image":[{"width":1400,"height":467,"url":"https:\/\/ronfross.art\/wp-content\/uploads\/2021\/03\/john-ford-point-sans.jpg","type":"image\/jpeg"}],"schema":{"@context":"https:\/\/schema.org","@graph":[{"@type":"WebPage","@id":"https:\/\/ronfross.art\/produit\/matin-du-monde-photo\/","url":"https:\/\/ronfross.art\/produit\/matin-du-monde-photo\/","name":"Matin du Monde - Ch\u00e2teau de Rue au dessus des brumes, Suisse","isPartOf":{"@id":"https:\/\/ronfross.art\/#website"},"primaryImageOfPage":{"@id":"https:\/\/ronfross.art\/produit\/matin-du-monde-photo\/#primaryimage"},"image":{"@id":"https:\/\/ronfross.art\/produit\/matin-du-monde-photo\/#primaryimage"},"thumbnailUrl":"https:\/\/ronfross.art\/wp-content\/uploads\/2022\/01\/chateau-rue-sans.jpg","datePublished":"2022-01-27T17:30:51+00:00","dateModified":"2025-04-29T10:28:21+00:00","description":"Photo du c\u00e9l\u00e8bre Ch\u00e2teau de Rue au matin du monde, isol\u00e9 sur son \u00eele au dessus des nuages. Une photographie panoramique disponible \u00e0 la vente","breadcrumb":{"@id":"https:\/\/ronfross.art\/produit\/matin-du-monde-photo\/#breadcrumb"},"inLanguage":"en-GB","potentialAction":[{"@type":"ReadAction","target":["https:\/\/ronfross.art\/produit\/matin-du-monde-photo\/"]}]},{"@type":"ImageObject","inLanguage":"en-GB","@id":"https:\/\/ronfross.art\/produit\/matin-du-monde-photo\/#primaryimage","url":"https:\/\/ronfross.art\/wp-content\/uploads\/2022\/01\/chateau-rue-sans.jpg","contentUrl":"https:\/\/ronfross.art\/wp-content\/uploads\/2022\/01\/chateau-rue-sans.jpg","width":1200,"height":400,"caption":"Ch\u00e2teau de Rue, Gl\u00e2ne (FR)"},{"@type":"BreadcrumbList","@id":"https:\/\/ronfross.art\/produit\/matin-du-monde-photo\/#breadcrumb","itemListElement":[{"@type":"ListItem","position":1,"name":"Accueil","item":"https:\/\/ronfross.art\/"},{"@type":"ListItem","position":2,"name":"La boutique","item":"https:\/\/ronfross.art\/shop\/"},{"@type":"ListItem","position":3,"name":"Matin du Monde"}]},{"@type":"WebSite","@id":"https:\/\/ronfross.art\/#website","url":"https:\/\/ronfross.art\/","name":"Ron Fross Art &amp; Photographie","description":"Voyages &amp; tirages photos in\u00e9dits","publisher":{"@id":"https:\/\/ronfross.art\/#\/schema\/person\/56bbcf9bae842bf458b8d9fa8d9308d2"},"potentialAction":[{"@type":"SearchAction","target":{"@type":"EntryPoint","urlTemplate":"https:\/\/ronfross.art\/?s={search_term_string}"},"query-input":{"@type":"PropertyValueSpecification","valueRequired":true,"valueName":"search_term_string"}}],"inLanguage":"en-GB"},{"@type":["Person","Organization"],"@id":"https:\/\/ronfross.art\/#\/schema\/person\/56bbcf9bae842bf458b8d9fa8d9308d2","name":"Ronald Frossard","logo":{"@id":"https:\/\/ronfross.art\/#\/schema\/person\/image\/"},"sameAs":["https:\/\/ronfross.art"]}]}},"_links":{"self":[{"href":"https:\/\/ronfross.art\/en\/wp-json\/wp\/v2\/product\/37897","targetHints":{"allow":["GET"]}}],"collection":[{"href":"https:\/\/ronfross.art\/en\/wp-json\/wp\/v2\/product"}],"about":[{"href":"https:\/\/ronfross.art\/en\/wp-json\/wp\/v2\/types\/product"}],"wp:featuredmedia":[{"embeddable":true,"href":"https:\/\/ronfross.art\/en\/wp-json\/wp\/v2\/media\/37906"}],"wp:attachment":[{"href":"https:\/\/ronfross.art\/en\/wp-json\/wp\/v2\/media?parent=37897"}],"wp:term":[{"taxonomy":"product_brand","embeddable":true,"href":"https:\/\/ronfross.art\/en\/wp-json\/wp\/v2\/product_brand?post=37897"},{"taxonomy":"product_cat","embeddable":true,"href":"https:\/\/ronfross.art\/en\/wp-json\/wp\/v2\/product_cat?post=37897"},{"taxonomy":"product_tag","embeddable":true,"href":"https:\/\/ronfross.art\/en\/wp-json\/wp\/v2\/product_tag?post=37897"}],"curies":[{"name":"wp","href":"https:\/\/api.w.org\/{rel}","templated":true}]}}