{"id":37401,"date":"2022-01-13T15:56:39","date_gmt":"2022-01-13T14:56:39","guid":{"rendered":"https:\/\/ronfross.art\/?post_type=product&#038;p=37401"},"modified":"2025-04-29T12:32:52","modified_gmt":"2025-04-29T10:32:52","slug":"bagdad-cafe-photo","status":"publish","type":"product","link":"https:\/\/ronfross.art\/en\/product\/bagdad-cafe-photo\/","title":{"rendered":"Bagdad Cafe"},"content":{"rendered":"","protected":false},"excerpt":{"rendered":"<p>Newberry Springs (Route 66), California, USA<\/p>\n<ul class=\"fa-ul\">\n<li><i class=\"fa-li fa-certificate fas\"><\/i><span class=\"custom-limited-edition\">Limited Edition: 9 copies<\/span><\/li>\n<\/ul>\n<ul class=\"fa-ul\">\n<li><i class=\"fa-li fa-pen-nib fas\"><\/i><span class=\"custom-limited-edition\">Edition Sign\u00e9e par l\u2019Artiste<\/span><\/li>\n<\/ul>\n<ul class=\"fa-ul\">\n<li><i class=\"fa-li fa-camera fas\"><\/i><span class=\"custom-limited-edition\">Collection: <a style=\"color: white; text-decoration: underline;\" href=\"\/en\/exposition-photographies\/route-66\/\">\u201cRoute 66\u201d<\/a><\/span><\/li>\n<\/ul>","protected":false},"featured_media":37415,"template":"","meta":{"_acf_changed":false},"product_brand":[],"product_cat":[21],"product_tag":[],"class_list":{"0":"post-37401","1":"product","2":"type-product","3":"status-publish","4":"has-post-thumbnail","6":"product_cat-non-classe","8":"first","9":"instock","10":"taxable","11":"shipping-taxable","12":"purchasable","13":"product-type-variable","14":"has-default-attributes"},"acf":[],"yoast_head":"<!-- This site is optimized with the Yoast SEO plugin v27.5 - https:\/\/yoast.com\/product\/yoast-seo-wordpress\/ -->\n<title>Bagdad Cafe - La fin du r\u00eave am\u00e9ricain - Californie<\/title>\n<meta name=\"description\" content=\"Bagdad Cafe: un film mais aussi une r\u00e9alit\u00e9, celui du r\u00eave am\u00e9ricain qui s&#039;ach\u00e8ve dans les poussi\u00e8res du d\u00e9sert californien.\" \/>\n<meta name=\"robots\" content=\"index, follow, max-snippet:-1, max-image-preview:large, max-video-preview:-1\" \/>\n<link rel=\"canonical\" href=\"https:\/\/ronfross.art\/en\/product\/bagdad-cafe-photo\/\" \/>\n<meta property=\"og:locale\" content=\"en_GB\" \/>\n<meta property=\"og:type\" content=\"article\" \/>\n<meta property=\"og:title\" content=\"Bagdad Cafe - La fin du r\u00eave am\u00e9ricain - Californie\" \/>\n<meta property=\"og:description\" content=\"Bagdad Cafe: un film mais aussi une r\u00e9alit\u00e9, celui du r\u00eave am\u00e9ricain qui s&#039;ach\u00e8ve dans les poussi\u00e8res du d\u00e9sert californien.\" \/>\n<meta property=\"og:url\" content=\"https:\/\/ronfross.art\/en\/product\/bagdad-cafe-photo\/\" \/>\n<meta property=\"og:site_name\" content=\"Ron Fross Art &amp; Photographie\" \/>\n<meta property=\"article:modified_time\" content=\"2025-04-29T10:32:52+00:00\" \/>\n<meta property=\"og:image\" content=\"https:\/\/ronfross.art\/wp-content\/uploads\/2022\/01\/bagdad-cafe-1.jpg\" \/>\n\t<meta property=\"og:image:width\" content=\"800\" \/>\n\t<meta property=\"og:image:height\" content=\"800\" \/>\n\t<meta property=\"og:image:type\" content=\"image\/jpeg\" \/>\n<script type=\"application\/ld+json\" class=\"yoast-schema-graph\">{\"@context\":\"https:\\\/\\\/schema.org\",\"@graph\":[{\"@type\":\"WebPage\",\"@id\":\"https:\\\/\\\/ronfross.art\\\/produit\\\/bagdad-cafe-photo\\\/\",\"url\":\"https:\\\/\\\/ronfross.art\\\/produit\\\/bagdad-cafe-photo\\\/\",\"name\":\"Bagdad Cafe - La fin du r\u00eave am\u00e9ricain - Californie\",\"isPartOf\":{\"@id\":\"https:\\\/\\\/ronfross.art\\\/#website\"},\"primaryImageOfPage\":{\"@id\":\"https:\\\/\\\/ronfross.art\\\/produit\\\/bagdad-cafe-photo\\\/#primaryimage\"},\"image\":{\"@id\":\"https:\\\/\\\/ronfross.art\\\/produit\\\/bagdad-cafe-photo\\\/#primaryimage\"},\"thumbnailUrl\":\"https:\\\/\\\/ronfross.art\\\/wp-content\\\/uploads\\\/2022\\\/01\\\/bagdad-cafe-1.jpg\",\"datePublished\":\"2022-01-13T14:56:39+00:00\",\"dateModified\":\"2025-04-29T10:32:52+00:00\",\"description\":\"Bagdad Cafe: un film mais aussi une r\u00e9alit\u00e9, celui du r\u00eave am\u00e9ricain qui s'ach\u00e8ve dans les poussi\u00e8res du d\u00e9sert californien.\",\"breadcrumb\":{\"@id\":\"https:\\\/\\\/ronfross.art\\\/produit\\\/bagdad-cafe-photo\\\/#breadcrumb\"},\"inLanguage\":\"en-GB\",\"potentialAction\":[{\"@type\":\"ReadAction\",\"target\":[\"https:\\\/\\\/ronfross.art\\\/produit\\\/bagdad-cafe-photo\\\/\"]}]},{\"@type\":\"ImageObject\",\"inLanguage\":\"en-GB\",\"@id\":\"https:\\\/\\\/ronfross.art\\\/produit\\\/bagdad-cafe-photo\\\/#primaryimage\",\"url\":\"https:\\\/\\\/ronfross.art\\\/wp-content\\\/uploads\\\/2022\\\/01\\\/bagdad-cafe-1.jpg\",\"contentUrl\":\"https:\\\/\\\/ronfross.art\\\/wp-content\\\/uploads\\\/2022\\\/01\\\/bagdad-cafe-1.jpg\",\"width\":800,\"height\":800,\"caption\":\"Newberry Springs (Route 66), California\"},{\"@type\":\"BreadcrumbList\",\"@id\":\"https:\\\/\\\/ronfross.art\\\/produit\\\/bagdad-cafe-photo\\\/#breadcrumb\",\"itemListElement\":[{\"@type\":\"ListItem\",\"position\":1,\"name\":\"Accueil\",\"item\":\"https:\\\/\\\/ronfross.art\\\/\"},{\"@type\":\"ListItem\",\"position\":2,\"name\":\"La boutique\",\"item\":\"https:\\\/\\\/ronfross.art\\\/shop\\\/\"},{\"@type\":\"ListItem\",\"position\":3,\"name\":\"Bagdad Cafe\"}]},{\"@type\":\"WebSite\",\"@id\":\"https:\\\/\\\/ronfross.art\\\/#website\",\"url\":\"https:\\\/\\\/ronfross.art\\\/\",\"name\":\"Ron Fross Art &amp; Photographie\",\"description\":\"Voyages &amp; tirages photos in\u00e9dits\",\"publisher\":{\"@id\":\"https:\\\/\\\/ronfross.art\\\/#\\\/schema\\\/person\\\/56bbcf9bae842bf458b8d9fa8d9308d2\"},\"potentialAction\":[{\"@type\":\"SearchAction\",\"target\":{\"@type\":\"EntryPoint\",\"urlTemplate\":\"https:\\\/\\\/ronfross.art\\\/?s={search_term_string}\"},\"query-input\":{\"@type\":\"PropertyValueSpecification\",\"valueRequired\":true,\"valueName\":\"search_term_string\"}}],\"inLanguage\":\"en-GB\"},{\"@type\":[\"Person\",\"Organization\"],\"@id\":\"https:\\\/\\\/ronfross.art\\\/#\\\/schema\\\/person\\\/56bbcf9bae842bf458b8d9fa8d9308d2\",\"name\":\"Ronald Frossard\",\"logo\":{\"@id\":\"https:\\\/\\\/ronfross.art\\\/#\\\/schema\\\/person\\\/image\\\/\"},\"sameAs\":[\"https:\\\/\\\/ronfross.art\"]}]}<\/script>\n<!-- \/ Yoast SEO plugin. -->","yoast_head_json":{"title":"Bagdad Cafe - La fin du r\u00eave am\u00e9ricain - Californie","description":"Bagdad Cafe: un film mais aussi une r\u00e9alit\u00e9, celui du r\u00eave am\u00e9ricain qui s'ach\u00e8ve dans les poussi\u00e8res du d\u00e9sert californien.","robots":{"index":"index","follow":"follow","max-snippet":"max-snippet:-1","max-image-preview":"max-image-preview:large","max-video-preview":"max-video-preview:-1"},"canonical":"https:\/\/ronfross.art\/en\/product\/bagdad-cafe-photo\/","og_locale":"en_GB","og_type":"article","og_title":"Bagdad Cafe - La fin du r\u00eave am\u00e9ricain - Californie","og_description":"Bagdad Cafe: un film mais aussi une r\u00e9alit\u00e9, celui du r\u00eave am\u00e9ricain qui s'ach\u00e8ve dans les poussi\u00e8res du d\u00e9sert californien.","og_url":"https:\/\/ronfross.art\/en\/product\/bagdad-cafe-photo\/","og_site_name":"Ron Fross Art &amp; Photographie","article_modified_time":"2025-04-29T10:32:52+00:00","og_image":[{"width":800,"height":800,"url":"https:\/\/ronfross.art\/wp-content\/uploads\/2022\/01\/bagdad-cafe-1.jpg","type":"image\/jpeg"}],"schema":{"@context":"https:\/\/schema.org","@graph":[{"@type":"WebPage","@id":"https:\/\/ronfross.art\/produit\/bagdad-cafe-photo\/","url":"https:\/\/ronfross.art\/produit\/bagdad-cafe-photo\/","name":"Bagdad Cafe - La fin du r\u00eave am\u00e9ricain - Californie","isPartOf":{"@id":"https:\/\/ronfross.art\/#website"},"primaryImageOfPage":{"@id":"https:\/\/ronfross.art\/produit\/bagdad-cafe-photo\/#primaryimage"},"image":{"@id":"https:\/\/ronfross.art\/produit\/bagdad-cafe-photo\/#primaryimage"},"thumbnailUrl":"https:\/\/ronfross.art\/wp-content\/uploads\/2022\/01\/bagdad-cafe-1.jpg","datePublished":"2022-01-13T14:56:39+00:00","dateModified":"2025-04-29T10:32:52+00:00","description":"Bagdad Cafe: un film mais aussi une r\u00e9alit\u00e9, celui du r\u00eave am\u00e9ricain qui s'ach\u00e8ve dans les poussi\u00e8res du d\u00e9sert californien.","breadcrumb":{"@id":"https:\/\/ronfross.art\/produit\/bagdad-cafe-photo\/#breadcrumb"},"inLanguage":"en-GB","potentialAction":[{"@type":"ReadAction","target":["https:\/\/ronfross.art\/produit\/bagdad-cafe-photo\/"]}]},{"@type":"ImageObject","inLanguage":"en-GB","@id":"https:\/\/ronfross.art\/produit\/bagdad-cafe-photo\/#primaryimage","url":"https:\/\/ronfross.art\/wp-content\/uploads\/2022\/01\/bagdad-cafe-1.jpg","contentUrl":"https:\/\/ronfross.art\/wp-content\/uploads\/2022\/01\/bagdad-cafe-1.jpg","width":800,"height":800,"caption":"Newberry Springs (Route 66), California"},{"@type":"BreadcrumbList","@id":"https:\/\/ronfross.art\/produit\/bagdad-cafe-photo\/#breadcrumb","itemListElement":[{"@type":"ListItem","position":1,"name":"Accueil","item":"https:\/\/ronfross.art\/"},{"@type":"ListItem","position":2,"name":"La boutique","item":"https:\/\/ronfross.art\/shop\/"},{"@type":"ListItem","position":3,"name":"Bagdad Cafe"}]},{"@type":"WebSite","@id":"https:\/\/ronfross.art\/#website","url":"https:\/\/ronfross.art\/","name":"Ron Fross Art &amp; Photographie","description":"Voyages &amp; tirages photos in\u00e9dits","publisher":{"@id":"https:\/\/ronfross.art\/#\/schema\/person\/56bbcf9bae842bf458b8d9fa8d9308d2"},"potentialAction":[{"@type":"SearchAction","target":{"@type":"EntryPoint","urlTemplate":"https:\/\/ronfross.art\/?s={search_term_string}"},"query-input":{"@type":"PropertyValueSpecification","valueRequired":true,"valueName":"search_term_string"}}],"inLanguage":"en-GB"},{"@type":["Person","Organization"],"@id":"https:\/\/ronfross.art\/#\/schema\/person\/56bbcf9bae842bf458b8d9fa8d9308d2","name":"Ronald Frossard","logo":{"@id":"https:\/\/ronfross.art\/#\/schema\/person\/image\/"},"sameAs":["https:\/\/ronfross.art"]}]}},"_links":{"self":[{"href":"https:\/\/ronfross.art\/en\/wp-json\/wp\/v2\/product\/37401","targetHints":{"allow":["GET"]}}],"collection":[{"href":"https:\/\/ronfross.art\/en\/wp-json\/wp\/v2\/product"}],"about":[{"href":"https:\/\/ronfross.art\/en\/wp-json\/wp\/v2\/types\/product"}],"wp:featuredmedia":[{"embeddable":true,"href":"https:\/\/ronfross.art\/en\/wp-json\/wp\/v2\/media\/37415"}],"wp:attachment":[{"href":"https:\/\/ronfross.art\/en\/wp-json\/wp\/v2\/media?parent=37401"}],"wp:term":[{"taxonomy":"product_brand","embeddable":true,"href":"https:\/\/ronfross.art\/en\/wp-json\/wp\/v2\/product_brand?post=37401"},{"taxonomy":"product_cat","embeddable":true,"href":"https:\/\/ronfross.art\/en\/wp-json\/wp\/v2\/product_cat?post=37401"},{"taxonomy":"product_tag","embeddable":true,"href":"https:\/\/ronfross.art\/en\/wp-json\/wp\/v2\/product_tag?post=37401"}],"curies":[{"name":"wp","href":"https:\/\/api.w.org\/{rel}","templated":true}]}}