{"id":36230,"date":"2021-10-28T10:17:56","date_gmt":"2021-10-28T08:17:56","guid":{"rendered":"https:\/\/ronfross.art\/?post_type=product&#038;p=36230"},"modified":"2025-04-29T12:10:33","modified_gmt":"2025-04-29T10:10:33","slug":"buffalo-butts-photo-de-deux-bisons-dans-la-neige","status":"publish","type":"product","link":"https:\/\/ronfross.art\/en\/product\/buffalo-butts-photo-de-deux-bisons-dans-la-neige\/","title":{"rendered":"Buffalo Butts"},"content":{"rendered":"","protected":false},"excerpt":{"rendered":"<p><span style=\"color: white;\">Gros Ventre, Wyoming, USA<\/span><\/p>\n<p>Photo : 1996 \u00a9 Ron Fross<br \/>\nPellicule: Argentique (Diapositive)<\/p>\n<ul class=\"fa-ul\">\n<li><i class=\"fa-li fa-certificate fas\"><\/i><span class=\"custom-limited-edition\">Limited Edition: 9 copies<\/span><\/li>\n<\/ul>\n<ul class=\"fa-ul\">\n<li><i class=\"fa-li fa-pen-nib fas\"><\/i><span class=\"custom-limited-edition\">Edition Sign\u00e9e par l\u2019Artiste<\/span><\/li>\n<\/ul>\n<ul class=\"fa-ul\">\n<li><i class=\"fa-li fa-camera fas\"><\/i><span class=\"custom-limited-edition\">Collection: <a style=\"color: white; text-decoration: underline;\" href=\"\/en\/exposition-photographies\/faune-sauvage\/\">\u201cWildlife\u201d<\/a><\/span><\/li>\n<\/ul>","protected":false},"featured_media":36166,"template":"","meta":{"_acf_changed":false},"product_brand":[],"product_cat":[21],"product_tag":[],"class_list":{"0":"post-36230","1":"product","2":"type-product","3":"status-publish","4":"has-post-thumbnail","6":"product_cat-non-classe","8":"first","9":"instock","10":"taxable","11":"shipping-taxable","12":"purchasable","13":"product-type-variable","14":"has-default-attributes"},"acf":[],"yoast_head":"<!-- This site is optimized with the Yoast SEO plugin v27.5 - https:\/\/yoast.com\/product\/yoast-seo-wordpress\/ -->\n<title>Buffalo Butts - Gros Ventre, Wyoming<\/title>\n<meta name=\"description\" content=\"Magnifique tirage num\u00e9rot\u00e9 de deux bisons dans les neiges du Wyoming. Une photo r\u00e9alis\u00e9e par RonFross et disponible avec ou sans encadrement\" \/>\n<meta name=\"robots\" content=\"index, follow, max-snippet:-1, max-image-preview:large, max-video-preview:-1\" \/>\n<link rel=\"canonical\" href=\"https:\/\/ronfross.art\/en\/product\/buffalo-butts-photo-de-deux-bisons-dans-la-neige\/\" \/>\n<meta property=\"og:locale\" content=\"en_GB\" \/>\n<meta property=\"og:type\" content=\"article\" \/>\n<meta property=\"og:title\" content=\"Buffalo Butts - Gros Ventre, Wyoming\" \/>\n<meta property=\"og:description\" content=\"Magnifique tirage num\u00e9rot\u00e9 de deux bisons dans les neiges du Wyoming. Une photo r\u00e9alis\u00e9e par RonFross et disponible avec ou sans encadrement\" \/>\n<meta property=\"og:url\" content=\"https:\/\/ronfross.art\/en\/product\/buffalo-butts-photo-de-deux-bisons-dans-la-neige\/\" \/>\n<meta property=\"og:site_name\" content=\"Ron Fross Art &amp; Photographie\" \/>\n<meta property=\"article:modified_time\" content=\"2025-04-29T10:10:33+00:00\" \/>\n<meta property=\"og:image\" content=\"https:\/\/ronfross.art\/wp-content\/uploads\/2021\/03\/buffalo-butts.jpg\" \/>\n\t<meta property=\"og:image:width\" content=\"1100\" \/>\n\t<meta property=\"og:image:height\" content=\"732\" \/>\n\t<meta property=\"og:image:type\" content=\"image\/jpeg\" \/>\n<script type=\"application\/ld+json\" class=\"yoast-schema-graph\">{\"@context\":\"https:\\\/\\\/schema.org\",\"@graph\":[{\"@type\":\"WebPage\",\"@id\":\"https:\\\/\\\/ronfross.art\\\/produit\\\/buffalo-butts-photo-de-deux-bisons-dans-la-neige\\\/\",\"url\":\"https:\\\/\\\/ronfross.art\\\/produit\\\/buffalo-butts-photo-de-deux-bisons-dans-la-neige\\\/\",\"name\":\"Buffalo Butts - Gros Ventre, Wyoming\",\"isPartOf\":{\"@id\":\"https:\\\/\\\/ronfross.art\\\/#website\"},\"primaryImageOfPage\":{\"@id\":\"https:\\\/\\\/ronfross.art\\\/produit\\\/buffalo-butts-photo-de-deux-bisons-dans-la-neige\\\/#primaryimage\"},\"image\":{\"@id\":\"https:\\\/\\\/ronfross.art\\\/produit\\\/buffalo-butts-photo-de-deux-bisons-dans-la-neige\\\/#primaryimage\"},\"thumbnailUrl\":\"https:\\\/\\\/ronfross.art\\\/wp-content\\\/uploads\\\/2021\\\/03\\\/buffalo-butts.jpg\",\"datePublished\":\"2021-10-28T08:17:56+00:00\",\"dateModified\":\"2025-04-29T10:10:33+00:00\",\"description\":\"Magnifique tirage num\u00e9rot\u00e9 de deux bisons dans les neiges du Wyoming. Une photo r\u00e9alis\u00e9e par RonFross et disponible avec ou sans encadrement\",\"breadcrumb\":{\"@id\":\"https:\\\/\\\/ronfross.art\\\/produit\\\/buffalo-butts-photo-de-deux-bisons-dans-la-neige\\\/#breadcrumb\"},\"inLanguage\":\"en-GB\",\"potentialAction\":[{\"@type\":\"ReadAction\",\"target\":[\"https:\\\/\\\/ronfross.art\\\/produit\\\/buffalo-butts-photo-de-deux-bisons-dans-la-neige\\\/\"]}]},{\"@type\":\"ImageObject\",\"inLanguage\":\"en-GB\",\"@id\":\"https:\\\/\\\/ronfross.art\\\/produit\\\/buffalo-butts-photo-de-deux-bisons-dans-la-neige\\\/#primaryimage\",\"url\":\"https:\\\/\\\/ronfross.art\\\/wp-content\\\/uploads\\\/2021\\\/03\\\/buffalo-butts.jpg\",\"contentUrl\":\"https:\\\/\\\/ronfross.art\\\/wp-content\\\/uploads\\\/2021\\\/03\\\/buffalo-butts.jpg\",\"width\":1100,\"height\":732,\"caption\":\"Gros Ventre, Wyoming\"},{\"@type\":\"BreadcrumbList\",\"@id\":\"https:\\\/\\\/ronfross.art\\\/produit\\\/buffalo-butts-photo-de-deux-bisons-dans-la-neige\\\/#breadcrumb\",\"itemListElement\":[{\"@type\":\"ListItem\",\"position\":1,\"name\":\"Accueil\",\"item\":\"https:\\\/\\\/ronfross.art\\\/\"},{\"@type\":\"ListItem\",\"position\":2,\"name\":\"La boutique\",\"item\":\"https:\\\/\\\/ronfross.art\\\/shop\\\/\"},{\"@type\":\"ListItem\",\"position\":3,\"name\":\"Buffalo Butts\"}]},{\"@type\":\"WebSite\",\"@id\":\"https:\\\/\\\/ronfross.art\\\/#website\",\"url\":\"https:\\\/\\\/ronfross.art\\\/\",\"name\":\"Ron Fross Art &amp; Photographie\",\"description\":\"Voyages &amp; tirages photos in\u00e9dits\",\"publisher\":{\"@id\":\"https:\\\/\\\/ronfross.art\\\/#\\\/schema\\\/person\\\/56bbcf9bae842bf458b8d9fa8d9308d2\"},\"potentialAction\":[{\"@type\":\"SearchAction\",\"target\":{\"@type\":\"EntryPoint\",\"urlTemplate\":\"https:\\\/\\\/ronfross.art\\\/?s={search_term_string}\"},\"query-input\":{\"@type\":\"PropertyValueSpecification\",\"valueRequired\":true,\"valueName\":\"search_term_string\"}}],\"inLanguage\":\"en-GB\"},{\"@type\":[\"Person\",\"Organization\"],\"@id\":\"https:\\\/\\\/ronfross.art\\\/#\\\/schema\\\/person\\\/56bbcf9bae842bf458b8d9fa8d9308d2\",\"name\":\"Ronald Frossard\",\"logo\":{\"@id\":\"https:\\\/\\\/ronfross.art\\\/#\\\/schema\\\/person\\\/image\\\/\"},\"sameAs\":[\"https:\\\/\\\/ronfross.art\"]}]}<\/script>\n<!-- \/ Yoast SEO plugin. -->","yoast_head_json":{"title":"Buffalo Butts - Gros Ventre, Wyoming","description":"Magnifique tirage num\u00e9rot\u00e9 de deux bisons dans les neiges du Wyoming. Une photo r\u00e9alis\u00e9e par RonFross et disponible avec ou sans encadrement","robots":{"index":"index","follow":"follow","max-snippet":"max-snippet:-1","max-image-preview":"max-image-preview:large","max-video-preview":"max-video-preview:-1"},"canonical":"https:\/\/ronfross.art\/en\/product\/buffalo-butts-photo-de-deux-bisons-dans-la-neige\/","og_locale":"en_GB","og_type":"article","og_title":"Buffalo Butts - Gros Ventre, Wyoming","og_description":"Magnifique tirage num\u00e9rot\u00e9 de deux bisons dans les neiges du Wyoming. Une photo r\u00e9alis\u00e9e par RonFross et disponible avec ou sans encadrement","og_url":"https:\/\/ronfross.art\/en\/product\/buffalo-butts-photo-de-deux-bisons-dans-la-neige\/","og_site_name":"Ron Fross Art &amp; Photographie","article_modified_time":"2025-04-29T10:10:33+00:00","og_image":[{"width":1100,"height":732,"url":"https:\/\/ronfross.art\/wp-content\/uploads\/2021\/03\/buffalo-butts.jpg","type":"image\/jpeg"}],"schema":{"@context":"https:\/\/schema.org","@graph":[{"@type":"WebPage","@id":"https:\/\/ronfross.art\/produit\/buffalo-butts-photo-de-deux-bisons-dans-la-neige\/","url":"https:\/\/ronfross.art\/produit\/buffalo-butts-photo-de-deux-bisons-dans-la-neige\/","name":"Buffalo Butts - Gros Ventre, Wyoming","isPartOf":{"@id":"https:\/\/ronfross.art\/#website"},"primaryImageOfPage":{"@id":"https:\/\/ronfross.art\/produit\/buffalo-butts-photo-de-deux-bisons-dans-la-neige\/#primaryimage"},"image":{"@id":"https:\/\/ronfross.art\/produit\/buffalo-butts-photo-de-deux-bisons-dans-la-neige\/#primaryimage"},"thumbnailUrl":"https:\/\/ronfross.art\/wp-content\/uploads\/2021\/03\/buffalo-butts.jpg","datePublished":"2021-10-28T08:17:56+00:00","dateModified":"2025-04-29T10:10:33+00:00","description":"Magnifique tirage num\u00e9rot\u00e9 de deux bisons dans les neiges du Wyoming. Une photo r\u00e9alis\u00e9e par RonFross et disponible avec ou sans encadrement","breadcrumb":{"@id":"https:\/\/ronfross.art\/produit\/buffalo-butts-photo-de-deux-bisons-dans-la-neige\/#breadcrumb"},"inLanguage":"en-GB","potentialAction":[{"@type":"ReadAction","target":["https:\/\/ronfross.art\/produit\/buffalo-butts-photo-de-deux-bisons-dans-la-neige\/"]}]},{"@type":"ImageObject","inLanguage":"en-GB","@id":"https:\/\/ronfross.art\/produit\/buffalo-butts-photo-de-deux-bisons-dans-la-neige\/#primaryimage","url":"https:\/\/ronfross.art\/wp-content\/uploads\/2021\/03\/buffalo-butts.jpg","contentUrl":"https:\/\/ronfross.art\/wp-content\/uploads\/2021\/03\/buffalo-butts.jpg","width":1100,"height":732,"caption":"Gros Ventre, Wyoming"},{"@type":"BreadcrumbList","@id":"https:\/\/ronfross.art\/produit\/buffalo-butts-photo-de-deux-bisons-dans-la-neige\/#breadcrumb","itemListElement":[{"@type":"ListItem","position":1,"name":"Accueil","item":"https:\/\/ronfross.art\/"},{"@type":"ListItem","position":2,"name":"La boutique","item":"https:\/\/ronfross.art\/shop\/"},{"@type":"ListItem","position":3,"name":"Buffalo Butts"}]},{"@type":"WebSite","@id":"https:\/\/ronfross.art\/#website","url":"https:\/\/ronfross.art\/","name":"Ron Fross Art &amp; Photographie","description":"Voyages &amp; tirages photos in\u00e9dits","publisher":{"@id":"https:\/\/ronfross.art\/#\/schema\/person\/56bbcf9bae842bf458b8d9fa8d9308d2"},"potentialAction":[{"@type":"SearchAction","target":{"@type":"EntryPoint","urlTemplate":"https:\/\/ronfross.art\/?s={search_term_string}"},"query-input":{"@type":"PropertyValueSpecification","valueRequired":true,"valueName":"search_term_string"}}],"inLanguage":"en-GB"},{"@type":["Person","Organization"],"@id":"https:\/\/ronfross.art\/#\/schema\/person\/56bbcf9bae842bf458b8d9fa8d9308d2","name":"Ronald Frossard","logo":{"@id":"https:\/\/ronfross.art\/#\/schema\/person\/image\/"},"sameAs":["https:\/\/ronfross.art"]}]}},"_links":{"self":[{"href":"https:\/\/ronfross.art\/en\/wp-json\/wp\/v2\/product\/36230","targetHints":{"allow":["GET"]}}],"collection":[{"href":"https:\/\/ronfross.art\/en\/wp-json\/wp\/v2\/product"}],"about":[{"href":"https:\/\/ronfross.art\/en\/wp-json\/wp\/v2\/types\/product"}],"wp:featuredmedia":[{"embeddable":true,"href":"https:\/\/ronfross.art\/en\/wp-json\/wp\/v2\/media\/36166"}],"wp:attachment":[{"href":"https:\/\/ronfross.art\/en\/wp-json\/wp\/v2\/media?parent=36230"}],"wp:term":[{"taxonomy":"product_brand","embeddable":true,"href":"https:\/\/ronfross.art\/en\/wp-json\/wp\/v2\/product_brand?post=36230"},{"taxonomy":"product_cat","embeddable":true,"href":"https:\/\/ronfross.art\/en\/wp-json\/wp\/v2\/product_cat?post=36230"},{"taxonomy":"product_tag","embeddable":true,"href":"https:\/\/ronfross.art\/en\/wp-json\/wp\/v2\/product_tag?post=36230"}],"curies":[{"name":"wp","href":"https:\/\/api.w.org\/{rel}","templated":true}]}}