{"id":35962,"date":"2021-08-19T16:30:58","date_gmt":"2021-08-19T14:30:58","guid":{"rendered":"https:\/\/ronfross.art\/?post_type=product&#038;p=35962"},"modified":"2025-04-29T12:38:16","modified_gmt":"2025-04-29T10:38:16","slug":"nefertiti-avenue-triptych","status":"publish","type":"product","link":"https:\/\/ronfross.art\/en\/product\/nefertiti-avenue-triptych\/","title":{"rendered":"Nefertiti Avenue<br> triptyque"},"content":{"rendered":"","protected":false},"excerpt":{"rendered":"<p><span style=\"color: white;\">Arches National Park, Utah, USA<\/span><\/p>\n<p><em><span style=\"color: #9c9a9a;\">Son nom voudrait dire \u201cLa Parfaite est Arriv\u00e9e\u201d. Elle a d\u00e9cid\u00e9 de rester. Aujourd&#8217;hui, Nefertiti, reine d&#8217;Egypte et gardienne du parc, domine le passage du monde min\u00e9ral, toujours majestueuse, depuis un temps infini.<\/span><\/em><\/p>\n<ul class=\"fa-ul\">\n<li><i class=\"fa-li fa-certificate fas\"><\/i><span class=\"custom-limited-edition\">Limited Edition: 9 copies<\/span><\/li>\n<\/ul>\n<ul class=\"fa-ul\">\n<li><i class=\"fa-li fa-pen-nib fas\"><\/i><span class=\"custom-limited-edition\">Edition Sign\u00e9e par l\u2019Artiste<\/span><\/li>\n<\/ul>\n<ul class=\"fa-ul\">\n<li><i class=\"fa-li fa-camera fas\"><\/i><span class=\"custom-limited-edition\">Collection: <a style=\"color: white; text-decoration: underline;\" href=\"\/en\/exposition-photographies\/grandeur-nature\/\">\u201cFull-Scale\u201d<\/a><\/span><\/li>\n<\/ul>","protected":false},"featured_media":35869,"template":"","meta":{"_acf_changed":false},"product_brand":[],"product_cat":[21],"product_tag":[],"class_list":{"0":"post-35962","1":"product","2":"type-product","3":"status-publish","4":"has-post-thumbnail","6":"product_cat-non-classe","8":"first","9":"instock","10":"taxable","11":"shipping-taxable","12":"purchasable","13":"product-type-variable","14":"has-default-attributes"},"acf":[],"yoast_head":"<!-- This site is optimized with the Yoast SEO plugin v27.4 - https:\/\/yoast.com\/product\/yoast-seo-wordpress\/ -->\n<title>Nefertiti Avenue (triptyque) - Arches National Park<\/title>\n<meta name=\"description\" content=\"Photographie de Nefertiti, Reine d&#039;Egypte et gardienne du Arches National Park, dominant le passage du monde min\u00e9rale, majestueuse, depuis un temps infini.\" \/>\n<meta name=\"robots\" content=\"index, follow, max-snippet:-1, max-image-preview:large, max-video-preview:-1\" \/>\n<link rel=\"canonical\" href=\"https:\/\/ronfross.art\/en\/product\/nefertiti-avenue-triptych\/\" \/>\n<meta property=\"og:locale\" content=\"en_GB\" \/>\n<meta property=\"og:type\" content=\"article\" \/>\n<meta property=\"og:title\" content=\"Nefertiti Avenue (triptyque) - Arches National Park\" \/>\n<meta property=\"og:description\" content=\"Photographie de Nefertiti, Reine d&#039;Egypte et gardienne du Arches National Park, dominant le passage du monde min\u00e9rale, majestueuse, depuis un temps infini.\" \/>\n<meta property=\"og:url\" content=\"https:\/\/ronfross.art\/en\/product\/nefertiti-avenue-triptych\/\" \/>\n<meta property=\"og:site_name\" content=\"Ron Fross Art &amp; Photographie\" \/>\n<meta property=\"article:modified_time\" content=\"2025-04-29T10:38:16+00:00\" \/>\n<meta property=\"og:image\" content=\"https:\/\/ronfross.art\/wp-content\/uploads\/2021\/03\/nefertiti-moab-sans.jpg\" \/>\n\t<meta property=\"og:image:width\" content=\"1400\" \/>\n\t<meta property=\"og:image:height\" content=\"467\" \/>\n\t<meta property=\"og:image:type\" content=\"image\/jpeg\" \/>\n<script type=\"application\/ld+json\" class=\"yoast-schema-graph\">{\"@context\":\"https:\\\/\\\/schema.org\",\"@graph\":[{\"@type\":\"WebPage\",\"@id\":\"https:\\\/\\\/ronfross.art\\\/produit\\\/nefertiti-avenue-triptych\\\/\",\"url\":\"https:\\\/\\\/ronfross.art\\\/produit\\\/nefertiti-avenue-triptych\\\/\",\"name\":\"Nefertiti Avenue (triptyque) - Arches National Park\",\"isPartOf\":{\"@id\":\"https:\\\/\\\/ronfross.art\\\/#website\"},\"primaryImageOfPage\":{\"@id\":\"https:\\\/\\\/ronfross.art\\\/produit\\\/nefertiti-avenue-triptych\\\/#primaryimage\"},\"image\":{\"@id\":\"https:\\\/\\\/ronfross.art\\\/produit\\\/nefertiti-avenue-triptych\\\/#primaryimage\"},\"thumbnailUrl\":\"https:\\\/\\\/ronfross.art\\\/wp-content\\\/uploads\\\/2021\\\/03\\\/nefertiti-moab-sans.jpg\",\"datePublished\":\"2021-08-19T14:30:58+00:00\",\"dateModified\":\"2025-04-29T10:38:16+00:00\",\"description\":\"Photographie de Nefertiti, Reine d'Egypte et gardienne du Arches National Park, dominant le passage du monde min\u00e9rale, majestueuse, depuis un temps infini.\",\"breadcrumb\":{\"@id\":\"https:\\\/\\\/ronfross.art\\\/produit\\\/nefertiti-avenue-triptych\\\/#breadcrumb\"},\"inLanguage\":\"en-GB\",\"potentialAction\":[{\"@type\":\"ReadAction\",\"target\":[\"https:\\\/\\\/ronfross.art\\\/produit\\\/nefertiti-avenue-triptych\\\/\"]}]},{\"@type\":\"ImageObject\",\"inLanguage\":\"en-GB\",\"@id\":\"https:\\\/\\\/ronfross.art\\\/produit\\\/nefertiti-avenue-triptych\\\/#primaryimage\",\"url\":\"https:\\\/\\\/ronfross.art\\\/wp-content\\\/uploads\\\/2021\\\/03\\\/nefertiti-moab-sans.jpg\",\"contentUrl\":\"https:\\\/\\\/ronfross.art\\\/wp-content\\\/uploads\\\/2021\\\/03\\\/nefertiti-moab-sans.jpg\",\"width\":1400,\"height\":467,\"caption\":\"Arches National Park, Utah\"},{\"@type\":\"BreadcrumbList\",\"@id\":\"https:\\\/\\\/ronfross.art\\\/produit\\\/nefertiti-avenue-triptych\\\/#breadcrumb\",\"itemListElement\":[{\"@type\":\"ListItem\",\"position\":1,\"name\":\"Accueil\",\"item\":\"https:\\\/\\\/ronfross.art\\\/\"},{\"@type\":\"ListItem\",\"position\":2,\"name\":\"La boutique\",\"item\":\"https:\\\/\\\/ronfross.art\\\/shop\\\/\"},{\"@type\":\"ListItem\",\"position\":3,\"name\":\"Nefertiti Avenue triptyque\"}]},{\"@type\":\"WebSite\",\"@id\":\"https:\\\/\\\/ronfross.art\\\/#website\",\"url\":\"https:\\\/\\\/ronfross.art\\\/\",\"name\":\"Ron Fross Art &amp; Photographie\",\"description\":\"Voyages &amp; tirages photos in\u00e9dits\",\"publisher\":{\"@id\":\"https:\\\/\\\/ronfross.art\\\/#\\\/schema\\\/person\\\/56bbcf9bae842bf458b8d9fa8d9308d2\"},\"potentialAction\":[{\"@type\":\"SearchAction\",\"target\":{\"@type\":\"EntryPoint\",\"urlTemplate\":\"https:\\\/\\\/ronfross.art\\\/?s={search_term_string}\"},\"query-input\":{\"@type\":\"PropertyValueSpecification\",\"valueRequired\":true,\"valueName\":\"search_term_string\"}}],\"inLanguage\":\"en-GB\"},{\"@type\":[\"Person\",\"Organization\"],\"@id\":\"https:\\\/\\\/ronfross.art\\\/#\\\/schema\\\/person\\\/56bbcf9bae842bf458b8d9fa8d9308d2\",\"name\":\"Ronald Frossard\",\"logo\":{\"@id\":\"https:\\\/\\\/ronfross.art\\\/#\\\/schema\\\/person\\\/image\\\/\"},\"sameAs\":[\"https:\\\/\\\/ronfross.art\"]}]}<\/script>\n<!-- \/ Yoast SEO plugin. -->","yoast_head_json":{"title":"Nefertiti Avenue (triptyque) - Arches National Park","description":"Photographie de Nefertiti, Reine d'Egypte et gardienne du Arches National Park, dominant le passage du monde min\u00e9rale, majestueuse, depuis un temps infini.","robots":{"index":"index","follow":"follow","max-snippet":"max-snippet:-1","max-image-preview":"max-image-preview:large","max-video-preview":"max-video-preview:-1"},"canonical":"https:\/\/ronfross.art\/en\/product\/nefertiti-avenue-triptych\/","og_locale":"en_GB","og_type":"article","og_title":"Nefertiti Avenue (triptyque) - Arches National Park","og_description":"Photographie de Nefertiti, Reine d'Egypte et gardienne du Arches National Park, dominant le passage du monde min\u00e9rale, majestueuse, depuis un temps infini.","og_url":"https:\/\/ronfross.art\/en\/product\/nefertiti-avenue-triptych\/","og_site_name":"Ron Fross Art &amp; Photographie","article_modified_time":"2025-04-29T10:38:16+00:00","og_image":[{"width":1400,"height":467,"url":"https:\/\/ronfross.art\/wp-content\/uploads\/2021\/03\/nefertiti-moab-sans.jpg","type":"image\/jpeg"}],"schema":{"@context":"https:\/\/schema.org","@graph":[{"@type":"WebPage","@id":"https:\/\/ronfross.art\/produit\/nefertiti-avenue-triptych\/","url":"https:\/\/ronfross.art\/produit\/nefertiti-avenue-triptych\/","name":"Nefertiti Avenue (triptyque) - Arches National Park","isPartOf":{"@id":"https:\/\/ronfross.art\/#website"},"primaryImageOfPage":{"@id":"https:\/\/ronfross.art\/produit\/nefertiti-avenue-triptych\/#primaryimage"},"image":{"@id":"https:\/\/ronfross.art\/produit\/nefertiti-avenue-triptych\/#primaryimage"},"thumbnailUrl":"https:\/\/ronfross.art\/wp-content\/uploads\/2021\/03\/nefertiti-moab-sans.jpg","datePublished":"2021-08-19T14:30:58+00:00","dateModified":"2025-04-29T10:38:16+00:00","description":"Photographie de Nefertiti, Reine d'Egypte et gardienne du Arches National Park, dominant le passage du monde min\u00e9rale, majestueuse, depuis un temps infini.","breadcrumb":{"@id":"https:\/\/ronfross.art\/produit\/nefertiti-avenue-triptych\/#breadcrumb"},"inLanguage":"en-GB","potentialAction":[{"@type":"ReadAction","target":["https:\/\/ronfross.art\/produit\/nefertiti-avenue-triptych\/"]}]},{"@type":"ImageObject","inLanguage":"en-GB","@id":"https:\/\/ronfross.art\/produit\/nefertiti-avenue-triptych\/#primaryimage","url":"https:\/\/ronfross.art\/wp-content\/uploads\/2021\/03\/nefertiti-moab-sans.jpg","contentUrl":"https:\/\/ronfross.art\/wp-content\/uploads\/2021\/03\/nefertiti-moab-sans.jpg","width":1400,"height":467,"caption":"Arches National Park, Utah"},{"@type":"BreadcrumbList","@id":"https:\/\/ronfross.art\/produit\/nefertiti-avenue-triptych\/#breadcrumb","itemListElement":[{"@type":"ListItem","position":1,"name":"Accueil","item":"https:\/\/ronfross.art\/"},{"@type":"ListItem","position":2,"name":"La boutique","item":"https:\/\/ronfross.art\/shop\/"},{"@type":"ListItem","position":3,"name":"Nefertiti Avenue triptyque"}]},{"@type":"WebSite","@id":"https:\/\/ronfross.art\/#website","url":"https:\/\/ronfross.art\/","name":"Ron Fross Art &amp; Photographie","description":"Voyages &amp; tirages photos in\u00e9dits","publisher":{"@id":"https:\/\/ronfross.art\/#\/schema\/person\/56bbcf9bae842bf458b8d9fa8d9308d2"},"potentialAction":[{"@type":"SearchAction","target":{"@type":"EntryPoint","urlTemplate":"https:\/\/ronfross.art\/?s={search_term_string}"},"query-input":{"@type":"PropertyValueSpecification","valueRequired":true,"valueName":"search_term_string"}}],"inLanguage":"en-GB"},{"@type":["Person","Organization"],"@id":"https:\/\/ronfross.art\/#\/schema\/person\/56bbcf9bae842bf458b8d9fa8d9308d2","name":"Ronald Frossard","logo":{"@id":"https:\/\/ronfross.art\/#\/schema\/person\/image\/"},"sameAs":["https:\/\/ronfross.art"]}]}},"_links":{"self":[{"href":"https:\/\/ronfross.art\/en\/wp-json\/wp\/v2\/product\/35962","targetHints":{"allow":["GET"]}}],"collection":[{"href":"https:\/\/ronfross.art\/en\/wp-json\/wp\/v2\/product"}],"about":[{"href":"https:\/\/ronfross.art\/en\/wp-json\/wp\/v2\/types\/product"}],"wp:featuredmedia":[{"embeddable":true,"href":"https:\/\/ronfross.art\/en\/wp-json\/wp\/v2\/media\/35869"}],"wp:attachment":[{"href":"https:\/\/ronfross.art\/en\/wp-json\/wp\/v2\/media?parent=35962"}],"wp:term":[{"taxonomy":"product_brand","embeddable":true,"href":"https:\/\/ronfross.art\/en\/wp-json\/wp\/v2\/product_brand?post=35962"},{"taxonomy":"product_cat","embeddable":true,"href":"https:\/\/ronfross.art\/en\/wp-json\/wp\/v2\/product_cat?post=35962"},{"taxonomy":"product_tag","embeddable":true,"href":"https:\/\/ronfross.art\/en\/wp-json\/wp\/v2\/product_tag?post=35962"}],"curies":[{"name":"wp","href":"https:\/\/api.w.org\/{rel}","templated":true}]}}