{"id":35933,"date":"2021-08-19T11:37:55","date_gmt":"2021-08-19T09:37:55","guid":{"rendered":"https:\/\/ronfross.art\/?post_type=product&#038;p=35933"},"modified":"2025-04-29T12:43:55","modified_gmt":"2025-04-29T10:43:55","slug":"game-of-light-photo","status":"publish","type":"product","link":"https:\/\/ronfross.art\/en\/product\/game-of-light-photo\/","title":{"rendered":"Game of Light"},"content":{"rendered":"","protected":false},"excerpt":{"rendered":"<p><span style=\"color: white;\">Bryce Canyon, Utah, USA<\/span><\/p>\n<p>&nbsp;<\/p>\n<ul class=\"fa-ul\">\n<li><i class=\"fa-li fa-certificate fas\"><\/i><span class=\"custom-limited-edition\">Limited Edition: 9 copies<\/span><\/li>\n<\/ul>\n<ul class=\"fa-ul\">\n<li><i class=\"fa-li fa-pen-nib fas\"><\/i><span class=\"custom-limited-edition\">Edition Sign\u00e9e par l\u2019Artiste<\/span><\/li>\n<\/ul>\n<ul class=\"fa-ul\">\n<li><i class=\"fa-li fa-camera fas\"><\/i><span class=\"custom-limited-edition\">Collection: <a style=\"color: white; text-decoration: underline;\" href=\"\/en\/exposition-photographies\/grandeur-nature\/\">\u201cFull-Scale\u201d<\/a><\/span><\/li>\n<\/ul>","protected":false},"featured_media":35877,"template":"","meta":{"_acf_changed":false},"product_brand":[],"product_cat":[21],"product_tag":[],"class_list":{"0":"post-35933","1":"product","2":"type-product","3":"status-publish","4":"has-post-thumbnail","6":"product_cat-non-classe","8":"first","9":"instock","10":"taxable","11":"shipping-taxable","12":"purchasable","13":"product-type-variable","14":"has-default-attributes"},"acf":[],"yoast_head":"<!-- This site is optimized with the Yoast SEO plugin v27.3 - https:\/\/yoast.com\/product\/yoast-seo-wordpress\/ -->\n<title>Game of Light - Bryce Canyon, Utah<\/title>\n<meta name=\"description\" content=\"Jeux de lumi\u00e8res sur le sculptural paysage de Bryce Canyon. Une photo originale propos\u00e9e \u00e0 la vente sous la forme d&#039;un tirage encadr\u00e9\" \/>\n<meta name=\"robots\" content=\"index, follow, max-snippet:-1, max-image-preview:large, max-video-preview:-1\" \/>\n<link rel=\"canonical\" href=\"https:\/\/ronfross.art\/en\/product\/game-of-light-photo\/\" \/>\n<meta property=\"og:locale\" content=\"en_GB\" \/>\n<meta property=\"og:type\" content=\"article\" \/>\n<meta property=\"og:title\" content=\"Game of Light - Bryce Canyon, Utah\" \/>\n<meta property=\"og:description\" content=\"Jeux de lumi\u00e8res sur le sculptural paysage de Bryce Canyon. Une photo originale propos\u00e9e \u00e0 la vente sous la forme d&#039;un tirage encadr\u00e9\" \/>\n<meta property=\"og:url\" content=\"https:\/\/ronfross.art\/en\/product\/game-of-light-photo\/\" \/>\n<meta property=\"og:site_name\" content=\"Ron Fross Art &amp; Photographie\" \/>\n<meta property=\"article:modified_time\" content=\"2025-04-29T10:43:55+00:00\" \/>\n<meta property=\"og:image\" content=\"https:\/\/ronfross.art\/wp-content\/uploads\/2021\/03\/bryce-canyon.jpg\" \/>\n\t<meta property=\"og:image:width\" content=\"1200\" \/>\n\t<meta property=\"og:image:height\" content=\"799\" \/>\n\t<meta property=\"og:image:type\" content=\"image\/jpeg\" \/>\n<script type=\"application\/ld+json\" class=\"yoast-schema-graph\">{\"@context\":\"https:\\\/\\\/schema.org\",\"@graph\":[{\"@type\":\"WebPage\",\"@id\":\"https:\\\/\\\/ronfross.art\\\/produit\\\/game-of-light-photo\\\/\",\"url\":\"https:\\\/\\\/ronfross.art\\\/produit\\\/game-of-light-photo\\\/\",\"name\":\"Game of Light - Bryce Canyon, Utah\",\"isPartOf\":{\"@id\":\"https:\\\/\\\/ronfross.art\\\/#website\"},\"primaryImageOfPage\":{\"@id\":\"https:\\\/\\\/ronfross.art\\\/produit\\\/game-of-light-photo\\\/#primaryimage\"},\"image\":{\"@id\":\"https:\\\/\\\/ronfross.art\\\/produit\\\/game-of-light-photo\\\/#primaryimage\"},\"thumbnailUrl\":\"https:\\\/\\\/ronfross.art\\\/wp-content\\\/uploads\\\/2021\\\/03\\\/bryce-canyon.jpg\",\"datePublished\":\"2021-08-19T09:37:55+00:00\",\"dateModified\":\"2025-04-29T10:43:55+00:00\",\"description\":\"Jeux de lumi\u00e8res sur le sculptural paysage de Bryce Canyon. Une photo originale propos\u00e9e \u00e0 la vente sous la forme d'un tirage encadr\u00e9\",\"breadcrumb\":{\"@id\":\"https:\\\/\\\/ronfross.art\\\/produit\\\/game-of-light-photo\\\/#breadcrumb\"},\"inLanguage\":\"en-GB\",\"potentialAction\":[{\"@type\":\"ReadAction\",\"target\":[\"https:\\\/\\\/ronfross.art\\\/produit\\\/game-of-light-photo\\\/\"]}]},{\"@type\":\"ImageObject\",\"inLanguage\":\"en-GB\",\"@id\":\"https:\\\/\\\/ronfross.art\\\/produit\\\/game-of-light-photo\\\/#primaryimage\",\"url\":\"https:\\\/\\\/ronfross.art\\\/wp-content\\\/uploads\\\/2021\\\/03\\\/bryce-canyon.jpg\",\"contentUrl\":\"https:\\\/\\\/ronfross.art\\\/wp-content\\\/uploads\\\/2021\\\/03\\\/bryce-canyon.jpg\",\"width\":1200,\"height\":799,\"caption\":\"Bryce Canyon, Utah\"},{\"@type\":\"BreadcrumbList\",\"@id\":\"https:\\\/\\\/ronfross.art\\\/produit\\\/game-of-light-photo\\\/#breadcrumb\",\"itemListElement\":[{\"@type\":\"ListItem\",\"position\":1,\"name\":\"Accueil\",\"item\":\"https:\\\/\\\/ronfross.art\\\/\"},{\"@type\":\"ListItem\",\"position\":2,\"name\":\"La boutique\",\"item\":\"https:\\\/\\\/ronfross.art\\\/shop\\\/\"},{\"@type\":\"ListItem\",\"position\":3,\"name\":\"Game of Light\"}]},{\"@type\":\"WebSite\",\"@id\":\"https:\\\/\\\/ronfross.art\\\/#website\",\"url\":\"https:\\\/\\\/ronfross.art\\\/\",\"name\":\"Ron Fross Art &amp; Photographie\",\"description\":\"Voyages &amp; tirages photos in\u00e9dits\",\"publisher\":{\"@id\":\"https:\\\/\\\/ronfross.art\\\/#\\\/schema\\\/person\\\/56bbcf9bae842bf458b8d9fa8d9308d2\"},\"potentialAction\":[{\"@type\":\"SearchAction\",\"target\":{\"@type\":\"EntryPoint\",\"urlTemplate\":\"https:\\\/\\\/ronfross.art\\\/?s={search_term_string}\"},\"query-input\":{\"@type\":\"PropertyValueSpecification\",\"valueRequired\":true,\"valueName\":\"search_term_string\"}}],\"inLanguage\":\"en-GB\"},{\"@type\":[\"Person\",\"Organization\"],\"@id\":\"https:\\\/\\\/ronfross.art\\\/#\\\/schema\\\/person\\\/56bbcf9bae842bf458b8d9fa8d9308d2\",\"name\":\"Ronald Frossard\",\"logo\":{\"@id\":\"https:\\\/\\\/ronfross.art\\\/#\\\/schema\\\/person\\\/image\\\/\"},\"sameAs\":[\"https:\\\/\\\/ronfross.art\"]}]}<\/script>\n<!-- \/ Yoast SEO plugin. -->","yoast_head_json":{"title":"Game of Light - Bryce Canyon, Utah","description":"Jeux de lumi\u00e8res sur le sculptural paysage de Bryce Canyon. Une photo originale propos\u00e9e \u00e0 la vente sous la forme d'un tirage encadr\u00e9","robots":{"index":"index","follow":"follow","max-snippet":"max-snippet:-1","max-image-preview":"max-image-preview:large","max-video-preview":"max-video-preview:-1"},"canonical":"https:\/\/ronfross.art\/en\/product\/game-of-light-photo\/","og_locale":"en_GB","og_type":"article","og_title":"Game of Light - Bryce Canyon, Utah","og_description":"Jeux de lumi\u00e8res sur le sculptural paysage de Bryce Canyon. Une photo originale propos\u00e9e \u00e0 la vente sous la forme d'un tirage encadr\u00e9","og_url":"https:\/\/ronfross.art\/en\/product\/game-of-light-photo\/","og_site_name":"Ron Fross Art &amp; Photographie","article_modified_time":"2025-04-29T10:43:55+00:00","og_image":[{"width":1200,"height":799,"url":"https:\/\/ronfross.art\/wp-content\/uploads\/2021\/03\/bryce-canyon.jpg","type":"image\/jpeg"}],"schema":{"@context":"https:\/\/schema.org","@graph":[{"@type":"WebPage","@id":"https:\/\/ronfross.art\/produit\/game-of-light-photo\/","url":"https:\/\/ronfross.art\/produit\/game-of-light-photo\/","name":"Game of Light - Bryce Canyon, Utah","isPartOf":{"@id":"https:\/\/ronfross.art\/#website"},"primaryImageOfPage":{"@id":"https:\/\/ronfross.art\/produit\/game-of-light-photo\/#primaryimage"},"image":{"@id":"https:\/\/ronfross.art\/produit\/game-of-light-photo\/#primaryimage"},"thumbnailUrl":"https:\/\/ronfross.art\/wp-content\/uploads\/2021\/03\/bryce-canyon.jpg","datePublished":"2021-08-19T09:37:55+00:00","dateModified":"2025-04-29T10:43:55+00:00","description":"Jeux de lumi\u00e8res sur le sculptural paysage de Bryce Canyon. Une photo originale propos\u00e9e \u00e0 la vente sous la forme d'un tirage encadr\u00e9","breadcrumb":{"@id":"https:\/\/ronfross.art\/produit\/game-of-light-photo\/#breadcrumb"},"inLanguage":"en-GB","potentialAction":[{"@type":"ReadAction","target":["https:\/\/ronfross.art\/produit\/game-of-light-photo\/"]}]},{"@type":"ImageObject","inLanguage":"en-GB","@id":"https:\/\/ronfross.art\/produit\/game-of-light-photo\/#primaryimage","url":"https:\/\/ronfross.art\/wp-content\/uploads\/2021\/03\/bryce-canyon.jpg","contentUrl":"https:\/\/ronfross.art\/wp-content\/uploads\/2021\/03\/bryce-canyon.jpg","width":1200,"height":799,"caption":"Bryce Canyon, Utah"},{"@type":"BreadcrumbList","@id":"https:\/\/ronfross.art\/produit\/game-of-light-photo\/#breadcrumb","itemListElement":[{"@type":"ListItem","position":1,"name":"Accueil","item":"https:\/\/ronfross.art\/"},{"@type":"ListItem","position":2,"name":"La boutique","item":"https:\/\/ronfross.art\/shop\/"},{"@type":"ListItem","position":3,"name":"Game of Light"}]},{"@type":"WebSite","@id":"https:\/\/ronfross.art\/#website","url":"https:\/\/ronfross.art\/","name":"Ron Fross Art &amp; Photographie","description":"Voyages &amp; tirages photos in\u00e9dits","publisher":{"@id":"https:\/\/ronfross.art\/#\/schema\/person\/56bbcf9bae842bf458b8d9fa8d9308d2"},"potentialAction":[{"@type":"SearchAction","target":{"@type":"EntryPoint","urlTemplate":"https:\/\/ronfross.art\/?s={search_term_string}"},"query-input":{"@type":"PropertyValueSpecification","valueRequired":true,"valueName":"search_term_string"}}],"inLanguage":"en-GB"},{"@type":["Person","Organization"],"@id":"https:\/\/ronfross.art\/#\/schema\/person\/56bbcf9bae842bf458b8d9fa8d9308d2","name":"Ronald Frossard","logo":{"@id":"https:\/\/ronfross.art\/#\/schema\/person\/image\/"},"sameAs":["https:\/\/ronfross.art"]}]}},"_links":{"self":[{"href":"https:\/\/ronfross.art\/en\/wp-json\/wp\/v2\/product\/35933","targetHints":{"allow":["GET"]}}],"collection":[{"href":"https:\/\/ronfross.art\/en\/wp-json\/wp\/v2\/product"}],"about":[{"href":"https:\/\/ronfross.art\/en\/wp-json\/wp\/v2\/types\/product"}],"wp:featuredmedia":[{"embeddable":true,"href":"https:\/\/ronfross.art\/en\/wp-json\/wp\/v2\/media\/35877"}],"wp:attachment":[{"href":"https:\/\/ronfross.art\/en\/wp-json\/wp\/v2\/media?parent=35933"}],"wp:term":[{"taxonomy":"product_brand","embeddable":true,"href":"https:\/\/ronfross.art\/en\/wp-json\/wp\/v2\/product_brand?post=35933"},{"taxonomy":"product_cat","embeddable":true,"href":"https:\/\/ronfross.art\/en\/wp-json\/wp\/v2\/product_cat?post=35933"},{"taxonomy":"product_tag","embeddable":true,"href":"https:\/\/ronfross.art\/en\/wp-json\/wp\/v2\/product_tag?post=35933"}],"curies":[{"name":"wp","href":"https:\/\/api.w.org\/{rel}","templated":true}]}}